{"id":517,"date":"2025-02-13T18:53:27","date_gmt":"2025-02-13T18:53:27","guid":{"rendered":"https:\/\/aydinnurhan.com\/hakkimda\/"},"modified":"2025-05-24T14:01:18","modified_gmt":"2025-05-24T14:01:18","slug":"about-me","status":"publish","type":"page","link":"https:\/\/aydinnurhan.com\/en\/about-me\/","title":{"rendered":"About Me"},"content":{"rendered":"\t\t<div data-elementor-type=\"wp-page\" data-elementor-id=\"517\" class=\"elementor elementor-517 elementor-18\" data-elementor-post-type=\"page\">\n\t\t\t\t<div class=\"elementor-element elementor-element-7caf08e e-flex e-con-boxed e-con e-parent\" data-id=\"7caf08e\" data-element_type=\"container\" data-e-type=\"container\" data-settings=\"{&quot;background_background&quot;:&quot;classic&quot;}\">\n\t\t\t\t\t<div class=\"e-con-inner\">\n\t\t\t\t<div class=\"elementor-element elementor-element-d333bf0 elementor-widget elementor-widget-heading\" data-id=\"d333bf0\" data-element_type=\"widget\" data-e-type=\"widget\" data-widget_type=\"heading.default\">\n\t\t\t\t<div class=\"elementor-widget-container\">\n\t\t\t\t\t<h2 class=\"elementor-heading-title elementor-size-default\">About Me<\/h2>\t\t\t\t<\/div>\n\t\t\t\t<\/div>\n\t\t\t\t<div class=\"elementor-element elementor-element-968c527 elementor-widget__width-initial elementor-widget-tablet__width-inherit elementor-widget elementor-widget-text-editor\" data-id=\"968c527\" data-element_type=\"widget\" data-e-type=\"widget\" data-widget_type=\"text-editor.default\">\n\t\t\t\t<div class=\"elementor-widget-container\">\n\t\t\t\t\t\t\t\t\tI share my unique experiences in the world of diplomacy and academia with future generations.\t\t\t\t\t\t\t\t<\/div>\n\t\t\t\t<\/div>\n\t\t\t\t\t<\/div>\n\t\t\t\t<\/div>\n\t\t<div class=\"elementor-element elementor-element-36577bd e-flex e-con-boxed e-con e-parent\" data-id=\"36577bd\" data-element_type=\"container\" data-e-type=\"container\">\n\t\t\t\t\t<div class=\"e-con-inner\">\n\t\t<div class=\"elementor-element elementor-element-1a6c6e8 e-con-full e-flex e-con e-child\" data-id=\"1a6c6e8\" data-element_type=\"container\" data-e-type=\"container\">\n\t\t<div class=\"elementor-element elementor-element-ca46f8f e-con-full e-flex e-con e-child\" data-id=\"ca46f8f\" data-element_type=\"container\" data-e-type=\"container\">\n\t\t\t\t<div class=\"elementor-element elementor-element-944470c elementor-widget elementor-widget-image\" data-id=\"944470c\" data-element_type=\"widget\" data-e-type=\"widget\" data-settings=\"{&quot;sticky&quot;:&quot;top&quot;,&quot;sticky_on&quot;:[&quot;desktop&quot;],&quot;sticky_offset&quot;:90,&quot;sticky_parent&quot;:&quot;yes&quot;,&quot;sticky_effects_offset&quot;:0,&quot;sticky_anchor_link_offset&quot;:0}\" data-widget_type=\"image.default\">\n\t\t\t\t<div class=\"elementor-widget-container\">\n\t\t\t\t\t\t\t\t\t\t\t\t\t\t\t<img decoding=\"async\" width=\"1200\" height=\"1200\" src=\"https:\/\/aydinnurhan.com\/wp-content\/uploads\/aydin-nurhan-ben-kimim-ve-neler-yapiyorum.jpg\" class=\"attachment-full size-full wp-image-1221\" alt=\"\" srcset=\"https:\/\/aydinnurhan.com\/wp-content\/uploads\/aydin-nurhan-ben-kimim-ve-neler-yapiyorum.jpg 1200w, https:\/\/aydinnurhan.com\/wp-content\/uploads\/aydin-nurhan-ben-kimim-ve-neler-yapiyorum-300x300.jpg 300w, https:\/\/aydinnurhan.com\/wp-content\/uploads\/aydin-nurhan-ben-kimim-ve-neler-yapiyorum-1024x1024.jpg 1024w, https:\/\/aydinnurhan.com\/wp-content\/uploads\/aydin-nurhan-ben-kimim-ve-neler-yapiyorum-150x150.jpg 150w, https:\/\/aydinnurhan.com\/wp-content\/uploads\/aydin-nurhan-ben-kimim-ve-neler-yapiyorum-768x768.jpg 768w\" sizes=\"(max-width: 1200px) 100vw, 1200px\" \/>\t\t\t\t\t\t\t\t\t\t\t\t\t\t\t<\/div>\n\t\t\t\t<\/div>\n\t\t\t\t<\/div>\n\t\t<div class=\"elementor-element elementor-element-f021fb8 e-con-full e-flex e-con e-child\" data-id=\"f021fb8\" data-element_type=\"container\" data-e-type=\"container\">\n\t\t<div class=\"elementor-element elementor-element-3fe0571 e-con-full e-flex e-con e-child\" data-id=\"3fe0571\" data-element_type=\"container\" data-e-type=\"container\">\n\t\t\t\t<div class=\"elementor-element elementor-element-7d893bd elementor-widget elementor-widget-heading\" data-id=\"7d893bd\" data-element_type=\"widget\" data-e-type=\"widget\" data-widget_type=\"heading.default\">\n\t\t\t\t<div class=\"elementor-widget-container\">\n\t\t\t\t\t<h2 class=\"elementor-heading-title elementor-size-default\">Aydin Nurhan - Retired Ambassador<\/h2>\t\t\t\t<\/div>\n\t\t\t\t<\/div>\n\t\t\t\t<div class=\"elementor-element elementor-element-5533d42 elementor-widget elementor-widget-heading\" data-id=\"5533d42\" data-element_type=\"widget\" data-e-type=\"widget\" data-widget_type=\"heading.default\">\n\t\t\t\t<div class=\"elementor-widget-container\">\n\t\t\t\t\t<h2 class=\"elementor-heading-title elementor-size-default\">Who Am I and What Have I Done?<\/h2>\t\t\t\t<\/div>\n\t\t\t\t<\/div>\n\t\t\t\t<\/div>\n\t\t\t\t<div class=\"elementor-element elementor-element-00c85c5 elementor-widget__width-inherit elementor-widget-tablet__width-inherit elementor-widget elementor-widget-text-editor\" data-id=\"00c85c5\" data-element_type=\"widget\" data-e-type=\"widget\" data-widget_type=\"text-editor.default\">\n\t\t\t\t<div class=\"elementor-widget-container\">\n\t\t\t\t\t\t\t\t\t<p>I was born in 1949 in Adapazar\u0131. My education began at Afyon, Kad\u0131nana Primary School. Then Talas American Secondary School and Tarsus American College, and I later graduated from Ankara University Faculty of Law. After completing my legal education, I worked shortly as a lawyer then joining diplomacy.<\/p><p>As a junior officer, the Ministry of Foreign Affairs sent me to the Armed Forces School of Intelligence and Languages, Department of Arabic. After an eight month training, I was sent as a Third Secretary to the Turkish Embassy in Jeddah.<\/p><p>Throughout my career, I served in various parts of the world. In the earlier years of my career, I held diplomatic posts in Saudi Arabia, the Netherlands, Germany, and the United States. Then was Consul General in Azerbaijan, Austria, and Australia. I also served as an international diplomat at the Organization of Islamic Cooperation (OIC) with the title Director General for Science and Technology. Afterwards, I was the Ambassador of T\u00fcrkiye to Ghana, also accredited to Togo and Benin.<\/p><p>At the Headquarters in Ankara, I was the Acting Chairman of the Center for Strategic Research (SAM) of the Ministry of Foreign Affairs. I was also one of the three diplomats taking role in the establishment of the Turkish Cooperation and Coordination Agency (T\u0130KA).<\/p><p>In 2013, upon the offer and nomination of the Ministry of Foreign Affairs, I retired and was appointed as the Permanent Representative of the Organization of Islamic Cooperation to Afghanistan, a position I held until 2017.<\/p><p>Furthering my experience at the Center for Strategic Research (SAM) of the Ministry of Foreign Affairs, I joined Turkish Asian Strategic Research Center (TASAM) as Deputy Chairman. Based in Ankara, later I joined Ankara Center for Crisis and Policy Studies (ANKASAM) as the Senior Adviser to the Chairman. My consultative activities continue at both institutions.<\/p><p>Presently, I am a member of the Advisory Board of the Center for Combating Islamophobia (CENTERCIF) of Ankara Bilim University.<\/p><p>Beyond my diplomatic career, I have been active in academia and media. I worked as a lecturer at\u00a0 the Faculty of Political Sciences of Ankara University. My primary field of interest has been strategic studies and globalization, topics on which I have delivered numerous conferences and published various articles. My writings and speeches have been featured in Turkish, Ghanaian, and U.S. media.<\/p><p>I have compiled my thoughts in four books, free PDF copies of which are available at this site.<\/p><p>\u201dDev\u015firmeden Beyaz T\u00fcrk\u2019e \u2013 Siyasi nefretin K\u00f6kleri\u201d<\/p><p>\u201cBir B\u00fcy\u00fckel\u00e7inin D\u00fc\u015f\u00fcnce D\u00fcnyas\u0131\u201d<\/p><p>\u201dWhite Turk vs. Black Turk \u2013 Roots of Political Schism in Turkey\u201d<\/p><p>\u201cReflections of a Turkish Ambassador\u201d<\/p><p>Additionally, my article \u201cStrategic Research Culture in Developing Countries\u201d was published in \u201dT\u00fcrkiye\u2019de Stratejik D\u00fc\u015f\u00fcnce K\u00fclt\u00fcr\u00fc ve Stratejik Ara\u015ft\u0131rma Merkezleri \u2013 Ba\u015flang\u0131c\u0131ndan Bug\u00fcne T\u00fcrk D\u00fc\u015f\u00fcnce Kurulu\u015flar\u0131\u201d a book compiled of articles on strategy by Hasan Kanbolat as an important reference on strategic thinking and research institutions.<\/p><p>In recognition of my works, I have been honored with the Benin Republic Order of Merit, an Honorary Doctorate from Nakhchivan Private University, and TASAM Strategic Vision Award.<\/p><p>I am married and the father of two children. With my experience in diplomacy, academia, and media, I continue to explore, interpret, and share my insights on the world.<\/p>\t\t\t\t\t\t\t\t<\/div>\n\t\t\t\t<\/div>\n\t\t\t\t<div class=\"elementor-element elementor-element-cb869a4 elementor-align-left elementor-widget__width-auto elementor-mobile-align-center elementor-tablet-align-center elementor-widget elementor-widget-button\" data-id=\"cb869a4\" data-element_type=\"widget\" data-e-type=\"widget\" data-widget_type=\"button.default\">\n\t\t\t\t<div class=\"elementor-widget-container\">\n\t\t\t\t\t\t\t\t\t<div class=\"elementor-button-wrapper\">\n\t\t\t\t\t<a class=\"elementor-button elementor-button-link elementor-size-sm\" href=\"\/en\/articles\">\n\t\t\t\t\t\t<span class=\"elementor-button-content-wrapper\">\n\t\t\t\t\t\t<span class=\"elementor-button-icon\">\n\t\t\t\t<svg aria-hidden=\"true\" class=\"e-font-icon-svg e-fas-arrow-right\" viewBox=\"0 0 448 512\" xmlns=\"http:\/\/www.w3.org\/2000\/svg\"><path d=\"M190.5 66.9l22.2-22.2c9.4-9.4 24.6-9.4 33.9 0L441 239c9.4 9.4 9.4 24.6 0 33.9L246.6 467.3c-9.4 9.4-24.6 9.4-33.9 0l-22.2-22.2c-9.5-9.5-9.3-25 .4-34.3L311.4 296H24c-13.3 0-24-10.7-24-24v-32c0-13.3 10.7-24 24-24h287.4L190.9 101.2c-9.8-9.3-10-24.8-.4-34.3z\"><\/path><\/svg>\t\t\t<\/span>\n\t\t\t\t\t\t\t\t\t<span class=\"elementor-button-text\">Browse My Articles<\/span>\n\t\t\t\t\t<\/span>\n\t\t\t\t\t<\/a>\n\t\t\t\t<\/div>\n\t\t\t\t\t\t\t\t<\/div>\n\t\t\t\t<\/div>\n\t\t\t\t<\/div>\n\t\t\t\t<\/div>\n\t\t\t\t\t<\/div>\n\t\t\t\t<\/div>\n\t\t\t\t<\/div>\n\t\t","protected":false},"excerpt":{"rendered":"<p>About Me I share my unique experiences in the world of diplomacy and academia with future generations. Aydin Nurhan &#8211; Retired Ambassador Who Am I and What Have I Done? I was born in 1949 in Adapazar\u0131. My education began at Afyon, Kad\u0131nana Primary School. Then Talas American Secondary School and Tarsus American College, and [&hellip;]<\/p>\n","protected":false},"author":1,"featured_media":0,"parent":0,"menu_order":0,"comment_status":"closed","ping_status":"closed","template":"","meta":{"_acf_changed":false,"footnotes":""},"class_list":["post-517","page","type-page","status-publish","hentry"],"acf":[],"_links":{"self":[{"href":"https:\/\/aydinnurhan.com\/en\/wp-json\/wp\/v2\/pages\/517","targetHints":{"allow":["GET"]}}],"collection":[{"href":"https:\/\/aydinnurhan.com\/en\/wp-json\/wp\/v2\/pages"}],"about":[{"href":"https:\/\/aydinnurhan.com\/en\/wp-json\/wp\/v2\/types\/page"}],"author":[{"embeddable":true,"href":"https:\/\/aydinnurhan.com\/en\/wp-json\/wp\/v2\/users\/1"}],"replies":[{"embeddable":true,"href":"https:\/\/aydinnurhan.com\/en\/wp-json\/wp\/v2\/comments?post=517"}],"version-history":[{"count":12,"href":"https:\/\/aydinnurhan.com\/en\/wp-json\/wp\/v2\/pages\/517\/revisions"}],"predecessor-version":[{"id":1505,"href":"https:\/\/aydinnurhan.com\/en\/wp-json\/wp\/v2\/pages\/517\/revisions\/1505"}],"wp:attachment":[{"href":"https:\/\/aydinnurhan.com\/en\/wp-json\/wp\/v2\/media?parent=517"}],"curies":[{"name":"wp","href":"https:\/\/api.w.org\/{rel}","templated":true}]}}